{"id":269,"date":"2024-02-22T05:13:37","date_gmt":"2024-02-22T04:13:37","guid":{"rendered":"https:\/\/carta.licoresjunior.com\/?post_type=product&#038;p=269"},"modified":"2026-01-31T17:09:36","modified_gmt":"2026-01-31T16:09:36","slug":"chicharron-de-elote","status":"publish","type":"product","link":"https:\/\/carta.licoresjunior.com\/index.php\/producto\/chicharron-de-elote\/","title":{"rendered":"Chicharr\u00f3n de Elote"},"content":{"rendered":"<p>Elote desgranado y crocante chicharr\u00f3n, sour cream, taj\u00edn, queso parmesano, brotes y flores\u00a0comestibles.<\/p>\n","protected":false},"excerpt":{"rendered":"<p>Elote desgranado y crocante chicharr\u00f3n, sour cream, taj\u00edn, queso parmesano, brotes y flores\u00a0comestibles.<\/p>\n","protected":false},"featured_media":0,"comment_status":"open","ping_status":"closed","template":"","meta":{"_et_pb_use_builder":"","_et_pb_old_content":"","_et_gb_content_width":""},"product_brand":[],"product_cat":[31],"product_tag":[],"class_list":{"0":"post-269","1":"product","2":"type-product","3":"status-publish","5":"product_cat-menu","7":"first","8":"instock","9":"shipping-taxable","10":"purchasable","11":"product-type-simple"},"_links":{"self":[{"href":"https:\/\/carta.licoresjunior.com\/index.php\/wp-json\/wp\/v2\/product\/269","targetHints":{"allow":["GET"]}}],"collection":[{"href":"https:\/\/carta.licoresjunior.com\/index.php\/wp-json\/wp\/v2\/product"}],"about":[{"href":"https:\/\/carta.licoresjunior.com\/index.php\/wp-json\/wp\/v2\/types\/product"}],"replies":[{"embeddable":true,"href":"https:\/\/carta.licoresjunior.com\/index.php\/wp-json\/wp\/v2\/comments?post=269"}],"wp:attachment":[{"href":"https:\/\/carta.licoresjunior.com\/index.php\/wp-json\/wp\/v2\/media?parent=269"}],"wp:term":[{"taxonomy":"product_brand","embeddable":true,"href":"https:\/\/carta.licoresjunior.com\/index.php\/wp-json\/wp\/v2\/product_brand?post=269"},{"taxonomy":"product_cat","embeddable":true,"href":"https:\/\/carta.licoresjunior.com\/index.php\/wp-json\/wp\/v2\/product_cat?post=269"},{"taxonomy":"product_tag","embeddable":true,"href":"https:\/\/carta.licoresjunior.com\/index.php\/wp-json\/wp\/v2\/product_tag?post=269"}],"curies":[{"name":"wp","href":"https:\/\/api.w.org\/{rel}","templated":true}]}}