{"id":717,"date":"2024-04-18T22:25:05","date_gmt":"2024-04-18T20:25:05","guid":{"rendered":"https:\/\/carta.licoresjunior.com\/?post_type=product&#038;p=717"},"modified":"2026-01-31T17:07:54","modified_gmt":"2026-01-31T16:07:54","slug":"quesadilla-al-pastor","status":"publish","type":"product","link":"https:\/\/carta.licoresjunior.com\/index.php\/producto\/quesadilla-al-pastor\/","title":{"rendered":"Quesadilla al Pastor"},"content":{"rendered":"<p>Mezcla de Quesos, carne al pastor, cebolla, pi\u00f1a parrillada, servidas con mix de lechugas, tomate cherry y rabano, acompa\u00f1ado de sour cream y pi\u00f1a parrillada.<\/p>\n","protected":false},"excerpt":{"rendered":"<p>Mezcla de Quesos, carne al pastor, cebolla, pi\u00f1a parrillada, servidas con mix de lechugas, tomate cherry y rabano, acompa\u00f1ado de sour cream y pi\u00f1a parrillada.<\/p>\n","protected":false},"featured_media":0,"comment_status":"open","ping_status":"closed","template":"","meta":{"_et_pb_use_builder":"","_et_pb_old_content":"","_et_gb_content_width":""},"product_brand":[],"product_cat":[31],"product_tag":[],"class_list":{"0":"post-717","1":"product","2":"type-product","3":"status-publish","5":"product_cat-menu","7":"first","8":"instock","9":"shipping-taxable","10":"purchasable","11":"product-type-simple"},"_links":{"self":[{"href":"https:\/\/carta.licoresjunior.com\/index.php\/wp-json\/wp\/v2\/product\/717","targetHints":{"allow":["GET"]}}],"collection":[{"href":"https:\/\/carta.licoresjunior.com\/index.php\/wp-json\/wp\/v2\/product"}],"about":[{"href":"https:\/\/carta.licoresjunior.com\/index.php\/wp-json\/wp\/v2\/types\/product"}],"replies":[{"embeddable":true,"href":"https:\/\/carta.licoresjunior.com\/index.php\/wp-json\/wp\/v2\/comments?post=717"}],"wp:attachment":[{"href":"https:\/\/carta.licoresjunior.com\/index.php\/wp-json\/wp\/v2\/media?parent=717"}],"wp:term":[{"taxonomy":"product_brand","embeddable":true,"href":"https:\/\/carta.licoresjunior.com\/index.php\/wp-json\/wp\/v2\/product_brand?post=717"},{"taxonomy":"product_cat","embeddable":true,"href":"https:\/\/carta.licoresjunior.com\/index.php\/wp-json\/wp\/v2\/product_cat?post=717"},{"taxonomy":"product_tag","embeddable":true,"href":"https:\/\/carta.licoresjunior.com\/index.php\/wp-json\/wp\/v2\/product_tag?post=717"}],"curies":[{"name":"wp","href":"https:\/\/api.w.org\/{rel}","templated":true}]}}