{"id":753,"date":"2024-08-13T17:16:45","date_gmt":"2024-08-13T15:16:45","guid":{"rendered":"https:\/\/carta.licoresjunior.com\/?post_type=product&#038;p=753"},"modified":"2026-01-31T17:05:17","modified_gmt":"2026-01-31T16:05:17","slug":"quesadilla-vegetariana","status":"publish","type":"product","link":"https:\/\/carta.licoresjunior.com\/index.php\/producto\/quesadilla-vegetariana\/","title":{"rendered":"Quesadilla Vegetariana"},"content":{"rendered":"<p>Mezcla de quesos, zuccini, calabac\u00edn, cebolla y champi\u00f1\u00f3n. Acompa\u00f1ado de guacamole, pico de gallo y ensalada.<\/p>\n","protected":false},"excerpt":{"rendered":"<p>Mezcla de quesos, zuccini, calabac\u00edn, cebolla y champi\u00f1\u00f3n. Acompa\u00f1ado de guacamole, pico de gallo y ensalada.<\/p>\n","protected":false},"featured_media":0,"comment_status":"open","ping_status":"closed","template":"","meta":{"_et_pb_use_builder":"","_et_pb_old_content":"","_et_gb_content_width":""},"product_brand":[],"product_cat":[31],"product_tag":[],"class_list":{"0":"post-753","1":"product","2":"type-product","3":"status-publish","5":"product_cat-menu","7":"first","8":"instock","9":"shipping-taxable","10":"purchasable","11":"product-type-simple"},"_links":{"self":[{"href":"https:\/\/carta.licoresjunior.com\/index.php\/wp-json\/wp\/v2\/product\/753","targetHints":{"allow":["GET"]}}],"collection":[{"href":"https:\/\/carta.licoresjunior.com\/index.php\/wp-json\/wp\/v2\/product"}],"about":[{"href":"https:\/\/carta.licoresjunior.com\/index.php\/wp-json\/wp\/v2\/types\/product"}],"replies":[{"embeddable":true,"href":"https:\/\/carta.licoresjunior.com\/index.php\/wp-json\/wp\/v2\/comments?post=753"}],"wp:attachment":[{"href":"https:\/\/carta.licoresjunior.com\/index.php\/wp-json\/wp\/v2\/media?parent=753"}],"wp:term":[{"taxonomy":"product_brand","embeddable":true,"href":"https:\/\/carta.licoresjunior.com\/index.php\/wp-json\/wp\/v2\/product_brand?post=753"},{"taxonomy":"product_cat","embeddable":true,"href":"https:\/\/carta.licoresjunior.com\/index.php\/wp-json\/wp\/v2\/product_cat?post=753"},{"taxonomy":"product_tag","embeddable":true,"href":"https:\/\/carta.licoresjunior.com\/index.php\/wp-json\/wp\/v2\/product_tag?post=753"}],"curies":[{"name":"wp","href":"https:\/\/api.w.org\/{rel}","templated":true}]}}